{"id":2029,"date":"2023-04-14T11:59:30","date_gmt":"2023-04-14T09:59:30","guid":{"rendered":"https:\/\/www.restauranteknano.es\/?page_id=2029"},"modified":"2023-04-23T02:58:25","modified_gmt":"2023-04-23T00:58:25","slug":"sobre-la-privacidad-en-nuestra-web","status":"publish","type":"page","link":"https:\/\/www.restauranteknano.es\/index.php\/sobre-la-privacidad-en-nuestra-web\/","title":{"rendered":"Informaci\u00f3n sobre privacidad en nuestra web&#8230;"},"content":{"rendered":"\t\t<div data-elementor-type=\"wp-page\" data-elementor-id=\"2029\" class=\"elementor elementor-2029\">\n\t\t\t\t\t\t<section class=\"elementor-section elementor-top-section elementor-element elementor-element-66feb52 elementor-section-boxed elementor-section-height-default elementor-section-height-default\" data-id=\"66feb52\" data-element_type=\"section\" data-e-type=\"section\">\n\t\t\t\t\t\t<div class=\"elementor-container elementor-column-gap-default\">\n\t\t\t\t\t<div class=\"elementor-column elementor-col-100 elementor-top-column elementor-element elementor-element-d85ae0b\" data-id=\"d85ae0b\" data-element_type=\"column\" data-e-type=\"column\">\n\t\t\t<div class=\"elementor-widget-wrap elementor-element-populated\">\n\t\t\t\t\t\t<div class=\"elementor-element elementor-element-0e7b98f elementor-widget elementor-widget-text-editor\" data-id=\"0e7b98f\" data-element_type=\"widget\" data-e-type=\"widget\" data-widget_type=\"text-editor.default\">\n\t\t\t\t<div class=\"elementor-widget-container\">\n\t\t\t\t\t\t\t\t\t<p><span style=\"color: #000000;\">El tema de las cookies: <\/span><\/p><p><span style=\"color: #000000;\">Nosotros somos m\u00e1s de las \u00abcookies comestibles\u00bb pero las otras, a las que nos referimos ahora, las necesitamos para el correcto funcionamiento de nuestra web, al menos un m\u00ednimo de ellas. <\/span><\/p><p><span style=\"color: #000000;\">Usamos el servicio y cookies de <strong>Cookiebot CMP <\/strong>(by Usercentrics) para cumplir con la exigencia de registrar el consentimiento o no del visitante respecto al empleo de cookies (\u00bfIr\u00f3nico, verdad? Una cookie para dominarlas a todas.. Cosas de las leyes.) <\/span><\/p><p><span style=\"color: #000000;\">El propio motor de la web restauranteknano.es, el mismo que usan millones de otras web en Internet, WordPress, usa cookie(s), en nuestro caso particular cuando el visitante se registra expresamente como usuario (suscriptor) del feed de noticias etc. de nuestra web (que tampoco queremos complicar a nadie la vida con eso; s\u00f3lo pedimos para esa suscripci\u00f3n voluntaria, \u00fanicamente si desea expresamente recibir avisos de las noticias nuevas de la web, y en su caso dejarnos comentarios en ellas, un nombre o pseud\u00f3nimo y una direcci\u00f3n de email) y que una cookie podr\u00e1 automatizar para no tener que andar introduciendo el usuario y contrase\u00f1a en cada visita, entrando ya logueado si se desea expresamente.<\/span><\/p><p>Como apoyo a la seguridad, usamos el sistema de <strong>reCAPTCHA<\/strong> V.4 (Propiedad de Google) para ayudar a evitar la acci\u00f3n automatizada de bots, spam y ese tipo de faenas que infectan Internet. S\u00ed, usa tambi\u00e9n cookies, con el fin primero de distinguir a un usuario humano real de un bot, de forma m\u00e1s c\u00f3moda que las tradicionales pruebas de \u00abreacci\u00f3n genu\u00ednamente humana\u00bb, todo a cambio de recoger datos estad\u00edsticos de uso para su empresa.<\/p><p><span style=\"color: #000000;\">Y el \u00faltimo en liza &#8211; de momento- en este asunto es Youtube, (otra empresa m\u00e1s de \u00abEl Gran Hermano\u00bb, Google) que apoya el apartado multimedia de la web, y requiere el uso de cookies para sus propias estad\u00edsticas a cambio de ese servicio.\u00a0 A nosotros no nos cuentan nada de esos datos estad\u00edsticos que recogen, pero si no se acepta el uso de las cookies asociadas no hay\u00a0 v\u00eddeos incrustados en la web \ud83d\ude41 por eso las consideramos necesarias para una experiencia de uso completa.<\/span><\/p><p>Si fuera necesario actualizaremos esta descripci\u00f3n, mayormente por cambios t\u00e9cnicos de los terceros mencionados.<\/p>\t\t\t\t\t\t\t\t<\/div>\n\t\t\t\t<\/div>\n\t\t\t\t\t<\/div>\n\t\t<\/div>\n\t\t\t\t\t<\/div>\n\t\t<\/section>\n\t\t\t\t<section class=\"elementor-section elementor-top-section elementor-element elementor-element-ffe0bb4 elementor-section-boxed elementor-section-height-default elementor-section-height-default\" data-id=\"ffe0bb4\" data-element_type=\"section\" data-e-type=\"section\">\n\t\t\t\t\t\t<div class=\"elementor-container elementor-column-gap-default\">\n\t\t\t\t\t<div class=\"elementor-column elementor-col-100 elementor-top-column elementor-element elementor-element-36e7283\" data-id=\"36e7283\" data-element_type=\"column\" data-e-type=\"column\">\n\t\t\t<div class=\"elementor-widget-wrap elementor-element-populated\">\n\t\t\t\t\t\t<div class=\"elementor-element elementor-element-af8383d elementor-widget elementor-widget-spacer\" data-id=\"af8383d\" data-element_type=\"widget\" data-e-type=\"widget\" data-widget_type=\"spacer.default\">\n\t\t\t\t<div class=\"elementor-widget-container\">\n\t\t\t\t\t\t\t<div class=\"elementor-spacer\">\n\t\t\t<div class=\"elementor-spacer-inner\"><\/div>\n\t\t<\/div>\n\t\t\t\t\t\t<\/div>\n\t\t\t\t<\/div>\n\t\t\t\t<div class=\"elementor-element elementor-element-4a3deac elementor-widget elementor-widget-text-editor\" data-id=\"4a3deac\" data-element_type=\"widget\" data-e-type=\"widget\" data-widget_type=\"text-editor.default\">\n\t\t\t\t<div class=\"elementor-widget-container\">\n\t\t\t\t\t\t\t\t\t<p><span style=\"color: #000000;\">Responsabilidad respecto al tratamiento de datos personales:<\/span><\/p><p><span style=\"color: #000000;\">La responsabilidad de esta web y todo lo que ata\u00f1e a la misma descansa en su titular, la empresa \u00abCasa Rural Eras Altas S.A.\u00bb con domicilio postal y social en la calle Eras Altas n\u00ba14 de Caspue\u00f1as, Guadalajara Tel\u00e9fono (+34) 620 425 619 <\/span><\/p><p>Esta web por si misma actualmente s\u00f3lo manejar\u00e1 como \u00abdatos personales\u00bb,\u00a0 nombres de usuario (o alias) y direcciones de correo electr\u00f3nico, si expresamente nuestros visitantes los facilitan con el fin de registrarse voluntariamente como usuarios (suscriptores) para recibir noticias y novedades de la misma, y no se requieren otros datos identificativos para hacerlo.<\/p><p><span style=\"color: #000000;\">Con mucho gusto atenderemos sus dudas o deseos respecto a sus derechos sobre dicho tratamiento de datos.<\/span><\/p><p>En particular se recopilar\u00e1n los datos necesarios que usted nos facilite si llegase el caso de contratar nuestros servicios,relativos al contratante, medio de pago etc. y se tratar\u00e1n en consecuencia a las distintas leyes que regulan dichas prestaciones de servicios, pero de momento tales datos no se recopilar\u00e1n y gestionar\u00e1n a trav\u00e9s de esta web, si no directa y personalmente, mediante contacto telef\u00f3nico; y en caso necesario, el posterior presencial en nuestras instalaciones.<\/p><p>En caso de cambiar las condiciones del tratamiento (con motivo de aceptar en un futuro reservas online en la web o casos similares) se modificar\u00e1\u00a0 este aviso\u00a0 en consecuencia<\/p>\t\t\t\t\t\t\t\t<\/div>\n\t\t\t\t<\/div>\n\t\t\t\t\t<\/div>\n\t\t<\/div>\n\t\t\t\t\t<\/div>\n\t\t<\/section>\n\t\t\t\t<\/div>\n\t\t","protected":false},"excerpt":{"rendered":"<p>El tema de las cookies: Nosotros somos m\u00e1s de las \u00abcookies comestibles\u00bb pero las otras, &#8230; <\/p>\n<p class=\"read-more-container\"><a title=\"Informaci\u00f3n sobre privacidad en nuestra web&#8230;\" class=\"read-more button\" href=\"https:\/\/www.restauranteknano.es\/index.php\/sobre-la-privacidad-en-nuestra-web\/#more-2029\" aria-label=\"Leer m\u00e1s sobre Informaci\u00f3n sobre privacidad en nuestra web&#8230;\">Leer m\u00e1s<\/a><\/p>\n","protected":false},"author":2,"featured_media":0,"parent":0,"menu_order":0,"comment_status":"closed","ping_status":"closed","template":"","meta":{"footnotes":""},"class_list":{"0":"post-2029","1":"page","2":"type-page","3":"status-publish","5":"infinite-scroll-item"},"_links":{"self":[{"href":"https:\/\/www.restauranteknano.es\/index.php\/wp-json\/wp\/v2\/pages\/2029","targetHints":{"allow":["GET"]}}],"collection":[{"href":"https:\/\/www.restauranteknano.es\/index.php\/wp-json\/wp\/v2\/pages"}],"about":[{"href":"https:\/\/www.restauranteknano.es\/index.php\/wp-json\/wp\/v2\/types\/page"}],"author":[{"embeddable":true,"href":"https:\/\/www.restauranteknano.es\/index.php\/wp-json\/wp\/v2\/users\/2"}],"replies":[{"embeddable":true,"href":"https:\/\/www.restauranteknano.es\/index.php\/wp-json\/wp\/v2\/comments?post=2029"}],"version-history":[{"count":0,"href":"https:\/\/www.restauranteknano.es\/index.php\/wp-json\/wp\/v2\/pages\/2029\/revisions"}],"wp:attachment":[{"href":"https:\/\/www.restauranteknano.es\/index.php\/wp-json\/wp\/v2\/media?parent=2029"}],"curies":[{"name":"wp","href":"https:\/\/api.w.org\/{rel}","templated":true}]}}